{"id":30,"date":"2020-12-11T15:45:38","date_gmt":"2020-12-11T15:45:38","guid":{"rendered":"https:\/\/verthis-international.com\/protocoles\/?page_id=30"},"modified":"2020-12-11T17:09:25","modified_gmt":"2020-12-11T17:09:25","slug":"teinturecoloration-des-cils","status":"publish","type":"page","link":"https:\/\/www.verthis-international.com\/protocoles\/?page_id=30","title":{"rendered":"TEINTURE(COLORATION) DES CILS"},"content":{"rendered":"<table style=\"border-collapse: collapse; width: 100%; height: 395px;\">\n<tbody>\n<tr style=\"height: 27px;\">\n<td style=\"width: 25%; height: 27px;\"><strong>1er \u00e9tape<\/strong><\/td>\n<td style=\"width: 25%; height: 27px;\"><strong>2\u00e8me \u00e9tape<\/strong><\/td>\n<td style=\"width: 25%; height: 27px;\"><strong>3\u00e8me \u00e9tape<\/strong><\/td>\n<td style=\"width: 25%; height: 27px;\"><strong>4\u00e8me \u00e9tape<\/strong><\/td>\n<\/tr>\n<tr style=\"height: 46px;\">\n<td style=\"width: 25%; height: 46px;\"><img loading=\"lazy\" class=\"alignnone size-medium wp-image-92\" src=\"https:\/\/verthis-international.com\/protocoles\/wp-content\/uploads\/2020\/12\/1126_vorher-mit-eye-make-up-entferner-300x200.jpg\" alt=\"\" width=\"300\" height=\"200\" srcset=\"https:\/\/www.verthis-international.com\/protocoles\/wp-content\/uploads\/2020\/12\/1126_vorher-mit-eye-make-up-entferner-300x200.jpg 300w, https:\/\/www.verthis-international.com\/protocoles\/wp-content\/uploads\/2020\/12\/1126_vorher-mit-eye-make-up-entferner.jpg 600w\" sizes=\"(max-width: 300px) 100vw, 300px\" \/><\/td>\n<td style=\"width: 25%; height: 46px;\"><img loading=\"lazy\" class=\"alignnone size-medium wp-image-93\" src=\"https:\/\/verthis-international.com\/protocoles\/wp-content\/uploads\/2020\/12\/1127_reinigung-mit-kochsalzlosung-300x200.jpg\" alt=\"\" width=\"300\" height=\"200\" srcset=\"https:\/\/www.verthis-international.com\/protocoles\/wp-content\/uploads\/2020\/12\/1127_reinigung-mit-kochsalzlosung-300x200.jpg 300w, https:\/\/www.verthis-international.com\/protocoles\/wp-content\/uploads\/2020\/12\/1127_reinigung-mit-kochsalzlosung.jpg 600w\" sizes=\"(max-width: 300px) 100vw, 300px\" \/><\/td>\n<td style=\"width: 25%; height: 46px;\"><img loading=\"lazy\" class=\"alignnone size-medium wp-image-98\" src=\"https:\/\/verthis-international.com\/protocoles\/wp-content\/uploads\/2020\/12\/1114_eincremen-1-300x200.jpg\" alt=\"\" width=\"300\" height=\"200\" srcset=\"https:\/\/www.verthis-international.com\/protocoles\/wp-content\/uploads\/2020\/12\/1114_eincremen-1-300x200.jpg 300w, https:\/\/www.verthis-international.com\/protocoles\/wp-content\/uploads\/2020\/12\/1114_eincremen-1.jpg 600w\" sizes=\"(max-width: 300px) 100vw, 300px\" \/><\/td>\n<td style=\"width: 25%; height: 46px;\"><img loading=\"lazy\" class=\"alignnone size-medium wp-image-99\" src=\"https:\/\/verthis-international.com\/protocoles\/wp-content\/uploads\/2020\/12\/1115_eincremen-2-300x200.jpg\" alt=\"\" width=\"300\" height=\"200\" srcset=\"https:\/\/www.verthis-international.com\/protocoles\/wp-content\/uploads\/2020\/12\/1115_eincremen-2-300x200.jpg 300w, https:\/\/www.verthis-international.com\/protocoles\/wp-content\/uploads\/2020\/12\/1115_eincremen-2.jpg 600w\" sizes=\"(max-width: 300px) 100vw, 300px\" \/><\/td>\n<\/tr>\n<tr style=\"height: 46px;\">\n<td style=\"width: 25%; height: 46px;\">Il ne faut pas m\u00e9langer <strong><span style=\"color: #ff0000;\">BINACIL couleur pour cils et d\u00e9veloppeur<\/span><\/strong>avec d\u2018autres produits! Enlever les restes du mascara avec un\u00a0<span style=\"color: #ff0000;\"><strong>d\u00e9maquillant pour les yeux<\/strong> .<\/span><\/td>\n<td style=\"width: 25%; height: 46px;\">D\u00e9graisser ensuite les cils avec de\u00a0<span style=\"color: #ff0000;\"><strong>l&rsquo;Eau physiologique<\/strong>.<\/span><\/td>\n<td style=\"width: 25%; height: 46px;\">Mettre de la cr\u00e8me protectrice sur les bords sup\u00e9rieurs et inf\u00e9rieurs de la paupi\u00e8re.<\/td>\n<td style=\"width: 25%; height: 46px;\">Mettre une bonne couche de cr\u00e8me protectrice sur la partie lisse de la <span style=\"color: #ff0000;\"><strong>Feuille de protection pour que la peau <\/strong><\/span>reste douce et prot\u00e9g\u00e9e.<\/td>\n<\/tr>\n<tr style=\"height: 46px;\">\n<td style=\"width: 25%; height: 46px;\"><strong>5\u00e8me \u00e9tape<\/strong><\/td>\n<td style=\"width: 25%; height: 46px;\"><strong>6\u00e8me \u00e9tape<\/strong><\/td>\n<td style=\"width: 25%; height: 46px;\"><strong>7\u00e8me \u00e9tape<\/strong><\/td>\n<td style=\"width: 25%; height: 46px;\"><strong>8\u00e8me \u00e9tape<\/strong><\/td>\n<\/tr>\n<tr style=\"height: 46px;\">\n<td style=\"width: 25%; height: 46px;\"><img loading=\"lazy\" class=\"alignnone size-medium wp-image-100\" src=\"https:\/\/verthis-international.com\/protocoles\/wp-content\/uploads\/2020\/12\/1116_anlegen-300x200.jpg\" alt=\"\" width=\"300\" height=\"200\" srcset=\"https:\/\/www.verthis-international.com\/protocoles\/wp-content\/uploads\/2020\/12\/1116_anlegen-300x200.jpg 300w, https:\/\/www.verthis-international.com\/protocoles\/wp-content\/uploads\/2020\/12\/1116_anlegen.jpg 600w\" sizes=\"(max-width: 300px) 100vw, 300px\" \/><\/td>\n<td style=\"width: 25%; height: 46px;\"><img loading=\"lazy\" class=\"alignnone size-medium wp-image-94\" src=\"https:\/\/verthis-international.com\/protocoles\/wp-content\/uploads\/2020\/12\/1128_anmischen-300x293.jpg\" alt=\"\" width=\"300\" height=\"293\" srcset=\"https:\/\/www.verthis-international.com\/protocoles\/wp-content\/uploads\/2020\/12\/1128_anmischen-300x293.jpg 300w, https:\/\/www.verthis-international.com\/protocoles\/wp-content\/uploads\/2020\/12\/1128_anmischen.jpg 410w\" sizes=\"(max-width: 300px) 100vw, 300px\" \/><\/td>\n<td style=\"width: 25%; height: 46px;\"><img loading=\"lazy\" class=\"alignnone size-medium wp-image-101\" src=\"https:\/\/verthis-international.com\/protocoles\/wp-content\/uploads\/2020\/12\/1120_auftragen-300x200.jpg\" alt=\"\" width=\"300\" height=\"200\" srcset=\"https:\/\/www.verthis-international.com\/protocoles\/wp-content\/uploads\/2020\/12\/1120_auftragen-300x200.jpg 300w, https:\/\/www.verthis-international.com\/protocoles\/wp-content\/uploads\/2020\/12\/1120_auftragen.jpg 600w\" sizes=\"(max-width: 300px) 100vw, 300px\" \/><\/td>\n<td style=\"width: 25%; height: 46px;\"><img loading=\"lazy\" class=\"alignnone size-medium wp-image-102\" src=\"https:\/\/verthis-international.com\/protocoles\/wp-content\/uploads\/2020\/12\/1121_farbe_runter_schieben-300x200.jpg\" alt=\"\" width=\"300\" height=\"200\" srcset=\"https:\/\/www.verthis-international.com\/protocoles\/wp-content\/uploads\/2020\/12\/1121_farbe_runter_schieben-300x200.jpg 300w, https:\/\/www.verthis-international.com\/protocoles\/wp-content\/uploads\/2020\/12\/1121_farbe_runter_schieben.jpg 600w\" sizes=\"(max-width: 300px) 100vw, 300px\" \/><\/td>\n<\/tr>\n<tr style=\"height: 46px;\">\n<td style=\"width: 25%; height: 46px;\">Poussez la feuille de protection \u00a0avec pr\u00e9caution sous les cils inf\u00e9rieurs jusqu\u2019au bord de la paupi\u00e8re en maintenant l\u2019\u0153il ouvert. Puis les yeux restent ferm\u00e9s jusqu&rsquo;\u00e0 la fin du traitement.<\/td>\n<td style=\"width: 25%; height: 46px;\">M\u00e9langez la<span style=\"color: #ff0000;\"> <strong>Couleur pour cils BINACIL <\/strong><\/span>(2cm) avec 10 gouttes de\u00a0<strong><span style=\"color: #ff0000;\">cr\u00e8me\u00a0oxyg\u00e9n\u00e9e\u00a0BINACIL<\/span><\/strong>\u00a0sur le\u00a0<span style=\"color: #ff0000;\"><strong>Bloc de m\u00e9lange-coloration<\/strong><\/span> \u00e0 l&rsquo;aide du <span style=\"color: #ff0000;\"><strong>B\u00e2tonnet de m\u00e9lange <\/strong>.<\/span><\/td>\n<td style=\"width: 25%; height: 46px;\">Appliquer g\u00e9n\u00e9reusement et r\u00e9guli\u00e8rement BINACIL avec le\u00a0<span style=\"color: #ff0000;\"><strong>B\u00e2tonnet <\/strong><\/span>ou le <span style=\"color: #ff0000;\"><strong>Pinceau sp\u00e9cial <\/strong><\/span>de la naissance jusqu\u2019\u00e0 la pointe des cils. Temps de pose : 8 &#8211; 10 min. Directement apr\u00e8s notre permanente des cils : <span style=\"color: #ff0000;\"><strong>seulement 2 min<\/strong>!<\/span><\/td>\n<td style=\"width: 25%; height: 46px;\">Apr\u00e8s le temps d\u2019action, veuillez retirer la teinture avec le bout plat du b\u00e2tonnet en la poussant vers le bas de la feuille de protection. Enlever la couleur et essuyer-la dans un chiffon cosm\u00e9tique.<\/td>\n<\/tr>\n<tr style=\"height: 46px;\">\n<td style=\"width: 25%; height: 46px;\"><strong>9\u00e8me \u00e9tape<\/strong><\/td>\n<td style=\"width: 25%; height: 46px;\"><strong>10\u00e8me \u00e9tape<\/strong><\/td>\n<td style=\"width: 25%; height: 46px;\"><strong>11\u00e8me \u00e9tape<\/strong><\/td>\n<td style=\"width: 25%; height: 46px;\"><strong>12\u00e8me \u00e9tape<\/strong><\/td>\n<\/tr>\n<tr style=\"height: 46px;\">\n<td style=\"width: 25%; height: 46px;\"><img loading=\"lazy\" class=\"alignnone size-medium wp-image-103\" src=\"https:\/\/verthis-international.com\/protocoles\/wp-content\/uploads\/2020\/12\/1123_abwaschen-1-300x200.jpg\" alt=\"\" width=\"300\" height=\"200\" srcset=\"https:\/\/www.verthis-international.com\/protocoles\/wp-content\/uploads\/2020\/12\/1123_abwaschen-1-300x200.jpg 300w, https:\/\/www.verthis-international.com\/protocoles\/wp-content\/uploads\/2020\/12\/1123_abwaschen-1.jpg 600w\" sizes=\"(max-width: 300px) 100vw, 300px\" \/><\/td>\n<td style=\"width: 25%; height: 46px;\"><img loading=\"lazy\" class=\"alignnone size-medium wp-image-97\" src=\"https:\/\/verthis-international.com\/protocoles\/wp-content\/uploads\/2020\/12\/1131_abwaschen-2-300x200.jpg\" alt=\"\" width=\"300\" height=\"200\" srcset=\"https:\/\/www.verthis-international.com\/protocoles\/wp-content\/uploads\/2020\/12\/1131_abwaschen-2-300x200.jpg 300w, https:\/\/www.verthis-international.com\/protocoles\/wp-content\/uploads\/2020\/12\/1131_abwaschen-2.jpg 600w\" sizes=\"(max-width: 300px) 100vw, 300px\" \/><\/td>\n<td style=\"width: 25%; height: 46px;\"><img loading=\"lazy\" class=\"alignnone size-medium wp-image-95\" src=\"https:\/\/verthis-international.com\/protocoles\/wp-content\/uploads\/2020\/12\/1129_farbreste-300x200.jpg\" alt=\"\" width=\"300\" height=\"200\" srcset=\"https:\/\/www.verthis-international.com\/protocoles\/wp-content\/uploads\/2020\/12\/1129_farbreste-300x200.jpg 300w, https:\/\/www.verthis-international.com\/protocoles\/wp-content\/uploads\/2020\/12\/1129_farbreste.jpg 600w\" sizes=\"(max-width: 300px) 100vw, 300px\" \/><\/td>\n<td style=\"width: 25%; height: 46px;\"><img loading=\"lazy\" class=\"alignnone size-medium wp-image-96\" src=\"https:\/\/verthis-international.com\/protocoles\/wp-content\/uploads\/2020\/12\/1130_fertig-300x200.jpg\" alt=\"\" width=\"300\" height=\"200\" srcset=\"https:\/\/www.verthis-international.com\/protocoles\/wp-content\/uploads\/2020\/12\/1130_fertig-300x200.jpg 300w, https:\/\/www.verthis-international.com\/protocoles\/wp-content\/uploads\/2020\/12\/1130_fertig.jpg 600w\" sizes=\"(max-width: 300px) 100vw, 300px\" \/><\/td>\n<\/tr>\n<tr style=\"height: 46px;\">\n<td style=\"width: 25%; height: 46px;\"><span style=\"color: #ff0000;\"><strong>M\u00c9THODE 1 &#8211; Position verticale:<\/strong><\/span><br \/>\nEnlever minutieusement des cils les restes de la teinture \u00e0 l\u2019aide d\u2019un coton mouill\u00e9. R\u00e9p\u00e9ter plusieurs fois. Retirer ensuite les feuilles de protection et essuyer la peau avec un chiffon mouill\u00e9 jusqu&rsquo;\u00e0 ce que les restes de la teinture soient enlev\u00e9s.<\/td>\n<td style=\"width: 25%; height: 46px;\"><strong><span style=\"color: #ff0000;\">M\u00c9THODE 2 &#8211; Position horizontale<\/span>:<\/strong><br \/>\nSi lla cliente est en position horizontale, retirer imm\u00e9diatement les feuilles de protection apr\u00e8s le 8\u00e8me \u00e9tape. Enlever la teinture restant \u00e0 l\u2019aide d\u2019un coton mouill\u00e9. Recueillir l\u2019eau dans une petite coupelle.<\/td>\n<td style=\"width: 25%; height: 46px;\">Terminez la teinture de cils en prenant soins d&rsquo;enlever les restes de teinture sur la peau ou sur la paupi\u00e8re en utilisant <span style=\"color: #ff0000;\"><strong>BINACIL de couleur<\/strong>.<\/span><\/td>\n<td style=\"width: 25%; height: 46px;\">\u00c7a y est!<\/p>\n<p>Pour l\u2019affermissement et le soin des cils nous recommandons notre<span style=\"color: #ff0000;\"> <strong>BAUME pour cils et sourcils<\/strong>.<\/span><\/td>\n<\/tr>\n<\/tbody>\n<\/table>\n","protected":false},"excerpt":{"rendered":"<p>1er \u00e9tape 2\u00e8me \u00e9tape 3\u00e8me \u00e9tape 4\u00e8me \u00e9tape Il ne faut pas m\u00e9langer BINACIL couleur pour cils et d\u00e9veloppeuravec d\u2018autres produits! Enlever les restes du mascara avec un\u00a0d\u00e9maquillant pour les yeux . D\u00e9graisser ensuite les cils avec de\u00a0l&rsquo;Eau physiologique. Mettre de la cr\u00e8me protectrice sur les bords sup\u00e9rieurs et inf\u00e9rieurs de la paupi\u00e8re. Mettre une [&hellip;]<\/p>\n","protected":false},"author":1,"featured_media":0,"parent":0,"menu_order":0,"comment_status":"closed","ping_status":"closed","template":"","meta":{"site-sidebar-layout":"no-sidebar","site-content-layout":"default","ast-site-content-layout":"default","site-content-style":"default","site-sidebar-style":"default","ast-global-header-display":"","ast-banner-title-visibility":"","ast-main-header-display":"","ast-hfb-above-header-display":"","ast-hfb-below-header-display":"","ast-hfb-mobile-header-display":"","site-post-title":"","ast-breadcrumbs-content":"","ast-featured-img":"","footer-sml-layout":"","ast-disable-related-posts":"","theme-transparent-header-meta":"default","adv-header-id-meta":"","stick-header-meta":"","header-above-stick-meta":"","header-main-stick-meta":"","header-below-stick-meta":"","astra-migrate-meta-layouts":"default","ast-page-background-enabled":"default","ast-page-background-meta":{"desktop":{"background-color":"","background-image":"","background-repeat":"repeat","background-position":"center center","background-size":"auto","background-attachment":"scroll","background-type":"","background-media":"","overlay-type":"","overlay-color":"","overlay-opacity":"","overlay-gradient":""},"tablet":{"background-color":"","background-image":"","background-repeat":"repeat","background-position":"center center","background-size":"auto","background-attachment":"scroll","background-type":"","background-media":"","overlay-type":"","overlay-color":"","overlay-opacity":"","overlay-gradient":""},"mobile":{"background-color":"","background-image":"","background-repeat":"repeat","background-position":"center center","background-size":"auto","background-attachment":"scroll","background-type":"","background-media":"","overlay-type":"","overlay-color":"","overlay-opacity":"","overlay-gradient":""}},"ast-content-background-meta":{"desktop":{"background-color":"var(--ast-global-color-5)","background-image":"","background-repeat":"repeat","background-position":"center center","background-size":"auto","background-attachment":"scroll","background-type":"","background-media":"","overlay-type":"","overlay-color":"","overlay-opacity":"","overlay-gradient":""},"tablet":{"background-color":"var(--ast-global-color-5)","background-image":"","background-repeat":"repeat","background-position":"center center","background-size":"auto","background-attachment":"scroll","background-type":"","background-media":"","overlay-type":"","overlay-color":"","overlay-opacity":"","overlay-gradient":""},"mobile":{"background-color":"var(--ast-global-color-5)","background-image":"","background-repeat":"repeat","background-position":"center center","background-size":"auto","background-attachment":"scroll","background-type":"","background-media":"","overlay-type":"","overlay-color":"","overlay-opacity":"","overlay-gradient":""}}},"_links":{"self":[{"href":"https:\/\/www.verthis-international.com\/protocoles\/index.php?rest_route=\/wp\/v2\/pages\/30"}],"collection":[{"href":"https:\/\/www.verthis-international.com\/protocoles\/index.php?rest_route=\/wp\/v2\/pages"}],"about":[{"href":"https:\/\/www.verthis-international.com\/protocoles\/index.php?rest_route=\/wp\/v2\/types\/page"}],"author":[{"embeddable":true,"href":"https:\/\/www.verthis-international.com\/protocoles\/index.php?rest_route=\/wp\/v2\/users\/1"}],"replies":[{"embeddable":true,"href":"https:\/\/www.verthis-international.com\/protocoles\/index.php?rest_route=%2Fwp%2Fv2%2Fcomments&post=30"}],"version-history":[{"count":9,"href":"https:\/\/www.verthis-international.com\/protocoles\/index.php?rest_route=\/wp\/v2\/pages\/30\/revisions"}],"predecessor-version":[{"id":110,"href":"https:\/\/www.verthis-international.com\/protocoles\/index.php?rest_route=\/wp\/v2\/pages\/30\/revisions\/110"}],"wp:attachment":[{"href":"https:\/\/www.verthis-international.com\/protocoles\/index.php?rest_route=%2Fwp%2Fv2%2Fmedia&parent=30"}],"curies":[{"name":"wp","href":"https:\/\/api.w.org\/{rel}","templated":true}]}}